{"id":147,"date":"2022-07-06T22:03:50","date_gmt":"2022-07-06T20:03:50","guid":{"rendered":"https:\/\/www.prix-lyceen-ses.fr\/?page_id=147"},"modified":"2022-10-05T19:56:09","modified_gmt":"2022-10-05T17:56:09","slug":"videos","status":"publish","type":"page","link":"https:\/\/www.prix-lyceen-ses.fr\/index.php\/videos\/","title":{"rendered":"Videos"},"content":{"rendered":"\n<p>A l&rsquo;occasion du vingti\u00e8me anniversaire du Prix Lyc\u00e9en du Livre de SES, nous avons demand\u00e9 \u00e0 des sp\u00e9cialistes -dont certains ont remport\u00e9 le prix lyc\u00e9en- de nous parler de leurs exp\u00e9riences de lecture : <strong>Quel livre de Sciences Economiques ou Sociales vous a marqu\u00e9 quand vous \u00e9tiez lyc\u00e9en ou jeune \u00e9tudiant <\/strong>? <\/p>\n\n\n\n<p>Quatre d&rsquo;entre eux se sont pr\u00eat\u00e9s au jeu, nous les en remercions !<\/p>\n\n\n\n<p><strong><mark style=\"background-color:rgba(0, 0, 0, 0)\" class=\"has-inline-color has-secondary-color\">Dominique M\u00e9da<\/mark><\/strong>:  <strong>Prix lyc\u00e9en 2006\/2007<\/strong> pour <em>Faut-il br\u00fbler le mod\u00e8le social fran\u00e7ais ? <\/em> co-\u00e9crit avec <strong>Alain Lefebvre<\/strong> \u2013  <em>ed. Du Seuil<\/em>.   S\u00e9lection 2016 \/ 2017 pour <em>Faut-il attendre la croissance\u00a0?<\/em>  co-\u00e9crit avec <strong>Florence Jany Catrice<\/strong> &#8211;Ed La Documentation fran\u00e7aise                                        <\/p>\n\n\n\n<figure class=\"wp-block-embed is-type-video is-provider-youtube wp-block-embed-youtube wp-embed-aspect-16-9 wp-has-aspect-ratio\"><div class=\"wp-block-embed__wrapper\">\n<iframe loading=\"lazy\" title=\"Dominique M\u00e9da :  Quel livre de SES vous a marqu\u00e9 ?\" width=\"900\" height=\"506\" src=\"https:\/\/www.youtube.com\/embed\/8cjYsAQQUIo?feature=oembed\" frameborder=\"0\" allow=\"accelerometer; autoplay; clipboard-write; encrypted-media; gyroscope; picture-in-picture\" allowfullscreen><\/iframe>\n<\/div><figcaption>Dominique M\u00e9da pr\u00e9sente.. <\/figcaption><\/figure>\n\n\n\n<p><strong><mark style=\"background-color:rgba(0, 0, 0, 0)\" class=\"has-inline-color has-secondary-color\">Fran\u00e7ois Ruffin<\/mark><\/strong> :<strong>  Prix lyc\u00e9en 2014\/ 2015<\/strong> pour  \u00ab\u00a0<em>Comment ils nous ont vol\u00e9 le football<\/em>\u00a0\u00bb                                                       Co-\u00e9crit avec <strong>Antoine Dumini<\/strong>  &#8212; <em>Fakir \u00e9ditions<\/em>.<\/p>\n\n\n\n<figure class=\"wp-block-embed is-type-video is-provider-youtube wp-block-embed-youtube wp-embed-aspect-16-9 wp-has-aspect-ratio\"><div class=\"wp-block-embed__wrapper\">\n<iframe loading=\"lazy\" title=\"Fran\u00e7ois Ruffin: quel livre de SES vous a  marqu\u00e9\" width=\"900\" height=\"506\" src=\"https:\/\/www.youtube.com\/embed\/NvaU-8hAK7o?feature=oembed\" frameborder=\"0\" allow=\"accelerometer; autoplay; clipboard-write; encrypted-media; gyroscope; picture-in-picture\" allowfullscreen><\/iframe>\n<\/div><figcaption>Fran\u00e7ois Ruffin pr\u00e9sente &#8230;<\/figcaption><\/figure>\n\n\n\n<p><strong><mark style=\"background-color:rgba(0, 0, 0, 0)\" class=\"has-inline-color has-secondary-color\">Christian Baudelot<\/mark><\/strong> : <strong>S\u00e9lection prix lyc\u00e9en 2006\/2007<\/strong> pour <em>Suicide, L&rsquo;envers de notre monde<\/em> co-\u00e9crit avec <strong>Roger Establet<\/strong> &#8211;Le Seuil,   <strong>S\u00e9lection 2007\/2008<\/strong> pour <em>Quoi de neuf chez les filles\u00a0?<\/em>  co-\u00e9crit avec <strong>Roger Establet<\/strong> &#8212; Nathan<\/p>\n\n\n\n<p><\/p>\n\n\n\n<figure class=\"wp-block-embed is-type-video is-provider-youtube wp-block-embed-youtube wp-embed-aspect-16-9 wp-has-aspect-ratio\"><div class=\"wp-block-embed__wrapper\">\n<iframe loading=\"lazy\" title=\"Christian Baudelot : quel livre de SES vous a marqu\u00e9?\" width=\"900\" height=\"506\" src=\"https:\/\/www.youtube.com\/embed\/q3SDzoiwjcE?feature=oembed\" frameborder=\"0\" allow=\"accelerometer; autoplay; clipboard-write; encrypted-media; gyroscope; picture-in-picture\" allowfullscreen><\/iframe>\n<\/div><figcaption>Christian Baudelot pr\u00e9sente &#8230;<\/figcaption><\/figure>\n\n\n\n<p><strong><mark style=\"background-color:rgba(0, 0, 0, 0)\" class=\"has-inline-color has-secondary-color\">J\u00e9zabel Couppey Soubeyran<\/mark><\/strong> : <strong>S\u00e9lection Prix lyc\u00e9en 2014 \/ 2015 <\/strong>\u00ab\u00a0<em>Parlons banque en 30 questions<\/em>\u00a0\u00bb Co-\u00e9crit avec <strong>Christophe  Nijdam<\/strong>, <em>La Documentation Fran\u00e7aise<\/em><\/p>\n\n\n\n<figure class=\"wp-block-embed is-type-video is-provider-youtube wp-block-embed-youtube wp-embed-aspect-16-9 wp-has-aspect-ratio\"><div class=\"wp-block-embed__wrapper\">\n<iframe loading=\"lazy\" title=\"J\u00e9zabel Couppey Soubeyran : quel livre de SES vous a marqu\u00e9?\" width=\"900\" height=\"506\" src=\"https:\/\/www.youtube.com\/embed\/pS5c9EGLats?feature=oembed\" frameborder=\"0\" allow=\"accelerometer; autoplay; clipboard-write; encrypted-media; gyroscope; picture-in-picture\" allowfullscreen><\/iframe>\n<\/div><figcaption>J\u00e9zabel Couppey Soubeyran pr\u00e9sente &#8230;<\/figcaption><\/figure>\n\n\n\n<p><\/p>\n","protected":false},"excerpt":{"rendered":"<p>A l&rsquo;occasion du vingti\u00e8me anniversaire du Prix Lyc\u00e9en du Livre de SES, nous avons demand\u00e9 \u00e0 des sp\u00e9cialistes -dont certains ont remport\u00e9 le prix lyc\u00e9en- [&#8230;]<\/p>\n","protected":false},"author":1,"featured_media":0,"parent":0,"menu_order":0,"comment_status":"closed","ping_status":"closed","template":"","meta":{"footnotes":""},"class_list":["post-147","page","type-page","status-publish","hentry"],"_links":{"self":[{"href":"https:\/\/www.prix-lyceen-ses.fr\/index.php\/wp-json\/wp\/v2\/pages\/147","targetHints":{"allow":["GET"]}}],"collection":[{"href":"https:\/\/www.prix-lyceen-ses.fr\/index.php\/wp-json\/wp\/v2\/pages"}],"about":[{"href":"https:\/\/www.prix-lyceen-ses.fr\/index.php\/wp-json\/wp\/v2\/types\/page"}],"author":[{"embeddable":true,"href":"https:\/\/www.prix-lyceen-ses.fr\/index.php\/wp-json\/wp\/v2\/users\/1"}],"replies":[{"embeddable":true,"href":"https:\/\/www.prix-lyceen-ses.fr\/index.php\/wp-json\/wp\/v2\/comments?post=147"}],"version-history":[{"count":4,"href":"https:\/\/www.prix-lyceen-ses.fr\/index.php\/wp-json\/wp\/v2\/pages\/147\/revisions"}],"predecessor-version":[{"id":185,"href":"https:\/\/www.prix-lyceen-ses.fr\/index.php\/wp-json\/wp\/v2\/pages\/147\/revisions\/185"}],"wp:attachment":[{"href":"https:\/\/www.prix-lyceen-ses.fr\/index.php\/wp-json\/wp\/v2\/media?parent=147"}],"curies":[{"name":"wp","href":"https:\/\/api.w.org\/{rel}","templated":true}]}}