{"id":24,"date":"2022-06-15T22:55:27","date_gmt":"2022-06-15T20:55:27","guid":{"rendered":"https:\/\/www.prix-lyceen-ses.fr\/?page_id=24"},"modified":"2024-07-10T17:33:44","modified_gmt":"2024-07-10T15:33:44","slug":"comment-participer","status":"publish","type":"page","link":"https:\/\/www.prix-lyceen-ses.fr\/index.php\/comment-participer\/","title":{"rendered":"Comment participer ?"},"content":{"rendered":"\n<p>1) Pour \u00ab\u00a0l&rsquo;inscription&nbsp;officielle\u00a0\u00bb qui sert en r\u00e9alit\u00e9 surtout \u00e0 \u00e9valuer combien de lyc\u00e9es se lancent et en&nbsp; appr\u00e9cier les modalit\u00e9s&nbsp;d&rsquo;organisations (taille des groupes etc ..) , il faut, svp,&nbsp; remplir le questionnaire avec le lien ci dessous, m\u00eame celles et ceux qui renouvellent leur participation depuis des ann\u00e9es &#8211; cela nous permet d&rsquo;avoir en un seul document une visibilit\u00e9 sur la participation de l&rsquo;ann\u00e9e en cours :<\/p>\n\n\n\n<p><a href=\"https:\/\/forms.gle\/8i8vzHuwnp5yxu7R8\">https:\/\/forms.gle\/8i8vzHuwnp5yxu7R8<\/a><\/p>\n\n\n\n<p>2) Pour faciliter la communication sans vous envoyer les informations en doublon, il nous est plus ais\u00e9 que vous soyez inscrits sur le groupe de diffusion :&nbsp;<\/p>\n\n\n\n<p><a href=\"https:\/\/groups.google.com\/g\/prixlectureses\">https:\/\/groups.google.com\/g\/prixlectureses<\/a><\/p>\n\n\n\n<p>Si ce n&rsquo;est pas le cas, merci de demander \u00e0 rejoindre le groupe. Quoiqu&rsquo;il en soit, si vous ne recevez plus de mails de notre part d&rsquo;ici d\u00e9cembre, c&rsquo;est qu&rsquo;il y a sans doute un probl\u00e8me d&rsquo;adresse ou mail, merci de nous le signaler \u00e0 prixlectureses@gmail.com.<\/p>\n","protected":false},"excerpt":{"rendered":"<p>1) Pour \u00ab\u00a0l&rsquo;inscription&nbsp;officielle\u00a0\u00bb qui sert en r\u00e9alit\u00e9 surtout \u00e0 \u00e9valuer combien de lyc\u00e9es se lancent et en&nbsp; appr\u00e9cier les modalit\u00e9s&nbsp;d&rsquo;organisations (taille des groupes etc ..) [&#8230;]<\/p>\n","protected":false},"author":1,"featured_media":0,"parent":0,"menu_order":0,"comment_status":"closed","ping_status":"closed","template":"","meta":{"footnotes":""},"class_list":["post-24","page","type-page","status-publish","hentry"],"_links":{"self":[{"href":"https:\/\/www.prix-lyceen-ses.fr\/index.php\/wp-json\/wp\/v2\/pages\/24","targetHints":{"allow":["GET"]}}],"collection":[{"href":"https:\/\/www.prix-lyceen-ses.fr\/index.php\/wp-json\/wp\/v2\/pages"}],"about":[{"href":"https:\/\/www.prix-lyceen-ses.fr\/index.php\/wp-json\/wp\/v2\/types\/page"}],"author":[{"embeddable":true,"href":"https:\/\/www.prix-lyceen-ses.fr\/index.php\/wp-json\/wp\/v2\/users\/1"}],"replies":[{"embeddable":true,"href":"https:\/\/www.prix-lyceen-ses.fr\/index.php\/wp-json\/wp\/v2\/comments?post=24"}],"version-history":[{"count":5,"href":"https:\/\/www.prix-lyceen-ses.fr\/index.php\/wp-json\/wp\/v2\/pages\/24\/revisions"}],"predecessor-version":[{"id":285,"href":"https:\/\/www.prix-lyceen-ses.fr\/index.php\/wp-json\/wp\/v2\/pages\/24\/revisions\/285"}],"wp:attachment":[{"href":"https:\/\/www.prix-lyceen-ses.fr\/index.php\/wp-json\/wp\/v2\/media?parent=24"}],"curies":[{"name":"wp","href":"https:\/\/api.w.org\/{rel}","templated":true}]}}