{"id":28,"date":"2022-06-15T23:12:44","date_gmt":"2022-06-15T21:12:44","guid":{"rendered":"https:\/\/www.prix-lyceen-ses.fr\/?page_id=28"},"modified":"2025-09-05T00:07:43","modified_gmt":"2025-09-04T22:07:43","slug":"nos-partenaires","status":"publish","type":"page","link":"https:\/\/www.prix-lyceen-ses.fr\/index.php\/nos-partenaires\/","title":{"rendered":"Partenaires du Prix lyc\u00e9en du livre de SES"},"content":{"rendered":"\n<p><strong>Ce prix est organis\u00e9 tous les ans avec des partenaires tels que  : <\/strong><\/p>\n\n\n\n<div class=\"wp-block-group is-layout-flow wp-block-group-is-layout-flow\">\n<ul class=\"wp-block-list\">\n<li><strong>le site\u00a0<a href=\"http:\/\/www.liens-socio.org\/\">Liens Socio<\/a><\/strong> : le portail fran\u00e7ais des sciences sociales<\/li>\n\n\n\n<li><strong>le magazine\u00a0<\/strong><em><strong><a href=\"http:\/\/www.alternatives-economiques.fr\/\">Alternatives \u00c9conomiques<\/a><\/strong> <\/em><\/li>\n\n\n\n<li><strong>Le site<\/strong> <strong><a href=\"http:\/\/lectures.revues.org\/\">Lectures<\/a><\/strong> : comptes rendus de publications r\u00e9centes ( ouvrages, num\u00e9ros de revues) en sciences sociales<\/li>\n\n\n\n<li><strong>Le magazine <a href=\"https:\/\/www.scienceshumaines.com\/\" data-type=\"link\" data-id=\"https:\/\/www.scienceshumaines.com\/\"><em>Sciences Humaines<\/em><\/a><\/strong><\/li>\n<\/ul>\n\n\n\n<p><strong>A partir de la s\u00e9lection 2022\/ 2023, la s\u00e9lection est propos\u00e9e par quatre partenaires :<\/strong><\/p>\n\n\n\n<ul class=\"wp-block-list\">\n<li><strong>Christian Chavagneux<\/strong>, \u00e9ditorialiste \u00e0 <strong><a href=\"https:\/\/www.alternatives-economiques.fr\/\"><em>Alternatives \u00e9conomiques<\/em><\/a><\/strong>  <\/li>\n\n\n\n<li><strong>H\u00e9lo\u00efse Lh\u00e9r\u00e9t\u00e9<\/strong>, directrice de publication \u00e0<strong> <a href=\"https:\/\/www.scienceshumaines.com\/\"><em>Sciences Humaines<\/em><\/a><\/strong><\/li>\n\n\n\n<li><a href=\"http:\/\/www.jezabel-couppey-soubeyran.fr\/\"><strong>J\u00e9zabel Couppey-Soubeyran<\/strong><\/a>, ma\u00eetresse de conf\u00e9rence en \u00e9conomie \u00e0 l&rsquo;Universit\u00e9 Paris 1 Panth\u00e9on-Sorbonne<\/li>\n\n\n\n<li><a href=\"https:\/\/irisso.dauphine.fr\/fr\/membres\/detail-cv\/profile\/dominique-meda.html\"><strong>Dominique M\u00e9da<\/strong><\/a>, professeure de sociologie \u00e0 l&rsquo;universit\u00e9 Paris Dauphine-PSL. directrice de l&rsquo;IRISSO<\/li>\n<\/ul>\n<\/div>\n","protected":false},"excerpt":{"rendered":"<p>Ce prix est organis\u00e9 tous les ans avec des partenaires tels que : A partir de la s\u00e9lection 2022\/ 2023, la s\u00e9lection est propos\u00e9e par [&#8230;]<\/p>\n","protected":false},"author":1,"featured_media":0,"parent":0,"menu_order":0,"comment_status":"closed","ping_status":"closed","template":"","meta":{"footnotes":""},"class_list":["post-28","page","type-page","status-publish","hentry"],"_links":{"self":[{"href":"https:\/\/www.prix-lyceen-ses.fr\/index.php\/wp-json\/wp\/v2\/pages\/28","targetHints":{"allow":["GET"]}}],"collection":[{"href":"https:\/\/www.prix-lyceen-ses.fr\/index.php\/wp-json\/wp\/v2\/pages"}],"about":[{"href":"https:\/\/www.prix-lyceen-ses.fr\/index.php\/wp-json\/wp\/v2\/types\/page"}],"author":[{"embeddable":true,"href":"https:\/\/www.prix-lyceen-ses.fr\/index.php\/wp-json\/wp\/v2\/users\/1"}],"replies":[{"embeddable":true,"href":"https:\/\/www.prix-lyceen-ses.fr\/index.php\/wp-json\/wp\/v2\/comments?post=28"}],"version-history":[{"count":10,"href":"https:\/\/www.prix-lyceen-ses.fr\/index.php\/wp-json\/wp\/v2\/pages\/28\/revisions"}],"predecessor-version":[{"id":419,"href":"https:\/\/www.prix-lyceen-ses.fr\/index.php\/wp-json\/wp\/v2\/pages\/28\/revisions\/419"}],"wp:attachment":[{"href":"https:\/\/www.prix-lyceen-ses.fr\/index.php\/wp-json\/wp\/v2\/media?parent=28"}],"curies":[{"name":"wp","href":"https:\/\/api.w.org\/{rel}","templated":true}]}}