{"id":286,"date":"2024-07-10T17:59:34","date_gmt":"2024-07-10T15:59:34","guid":{"rendered":"https:\/\/www.prix-lyceen-ses.fr\/?page_id=286"},"modified":"2025-09-05T00:35:09","modified_gmt":"2025-09-04T22:35:09","slug":"selection-2024-2025","status":"publish","type":"page","link":"https:\/\/www.prix-lyceen-ses.fr\/index.php\/selection-2024-2025\/","title":{"rendered":"S\u00e9lection 2024 2025"},"content":{"rendered":"\n\n\n<div class=\"entry-content\">\n    <ul class=\"wp-block-list\">\n        <li>\n            F\u00e9licien Faury : <a href=\"https:\/\/www.seuil.com\/ouvrage\/des-electeurs-ordinaires-felicien-faury\/9782021518948\">\n                <strong><em>Des \u00e9lecteurs ordinaires, enqu\u00eate sur la normalisation de l\u2019extr\u00eame droite<\/em><\/strong>\n            <\/a>, Seuil, 2024.\n        <\/li>\n        <li>\n            Anton Brender : <a href=\"https:\/\/www.odilejacob.fr\/catalogue\/sciences-humaines\/economie-et-finance\/democraties-face-au-capitalisme_9782415008086.php\">\n                <strong><em>Les d\u00e9mocraties face au capitalisme, le prix de la vie des hommes<\/em><\/strong>\n            <\/a>, Odile Jacob, 2024.\n        <\/li>\n        <li>\n            Tiphaine Rivi\u00e8re : <a href=\"https:\/\/www.editions-delcourt.fr\/bd\/series\/serie-la-distinction\/album-la-distinction\">\n                <strong><em>La distinction en BD<\/em><\/strong>\n            <\/a> (librement inspir\u00e9e de P. Bourdieu), Delcourt, 2024.\n        <\/li>\n        <li>\n            Fabien Ginisty : <a href=\"https:\/\/lagedefaire-lejournal.fr\/produit\/blablacar-et-son-monde\/\">\n                <strong><em>Blablacar et son monde, enqu\u00eate sur la face cach\u00e9e du covoiturage<\/em><\/strong>\n            <\/a>, Le Passager Clandestin\/L\u2019\u00c2ge de faire, 2024.\n        <\/li>\n        <li>\n            Christine Detrez : <a href=\"https:\/\/editions.flammarion.com\/crush\/9782080264534\">\n                <strong><em>Crush<\/em><\/strong>\n            <\/a>, Flammarion, 2024.\n        <\/li>\n        <li>\n            Manon Loisel et Nicolas Rio : <a href=\"https:\/\/www.editionstextuel.com\/livre\/pour_en_finir_avec-_la_democratie_participative\">\n                <strong><em>Pour en finir avec la d\u00e9mocratie repr\u00e9sentative<\/em><\/strong>\n            <\/a>, Textuel, 2024.\n        <\/li>\n        <li>\n            Emmanuel Combet et Antonin Pottier : <a href=\"https:\/\/www.puf.com\/un-nouveau-contrat-ecologique\">\n                <strong><em>Un nouveau contrat \u00e9cologique<\/em><\/strong>\n            <\/a>, PUF, 2024.\n        <\/li>\n        <li>\n            Didier Fassin et Anne-Claire Defossez : <a href=\"https:\/\/www.seuil.com\/ouvrage\/l-exil-toujours-recommence-didier-fassin\/9782021549690\">\n                <strong><em>L\u2019Exil, toujours recommenc\u00e9<\/em><\/strong>\n            <\/a>, Seuil, 2024.\n        <\/li>\n    <\/ul>\n<\/div>\n\n\n\n<p><\/p>\n","protected":false},"excerpt":{"rendered":"<p>F\u00e9licien Faury : Des \u00e9lecteurs ordinaires, enqu\u00eate sur la normalisation de l\u2019extr\u00eame droite , Seuil, 2024. Anton Brender : Les d\u00e9mocraties face au capitalisme, le [&#8230;]<\/p>\n","protected":false},"author":1,"featured_media":0,"parent":0,"menu_order":0,"comment_status":"closed","ping_status":"closed","template":"","meta":{"footnotes":""},"class_list":["post-286","page","type-page","status-publish","hentry"],"_links":{"self":[{"href":"https:\/\/www.prix-lyceen-ses.fr\/index.php\/wp-json\/wp\/v2\/pages\/286","targetHints":{"allow":["GET"]}}],"collection":[{"href":"https:\/\/www.prix-lyceen-ses.fr\/index.php\/wp-json\/wp\/v2\/pages"}],"about":[{"href":"https:\/\/www.prix-lyceen-ses.fr\/index.php\/wp-json\/wp\/v2\/types\/page"}],"author":[{"embeddable":true,"href":"https:\/\/www.prix-lyceen-ses.fr\/index.php\/wp-json\/wp\/v2\/users\/1"}],"replies":[{"embeddable":true,"href":"https:\/\/www.prix-lyceen-ses.fr\/index.php\/wp-json\/wp\/v2\/comments?post=286"}],"version-history":[{"count":6,"href":"https:\/\/www.prix-lyceen-ses.fr\/index.php\/wp-json\/wp\/v2\/pages\/286\/revisions"}],"predecessor-version":[{"id":431,"href":"https:\/\/www.prix-lyceen-ses.fr\/index.php\/wp-json\/wp\/v2\/pages\/286\/revisions\/431"}],"wp:attachment":[{"href":"https:\/\/www.prix-lyceen-ses.fr\/index.php\/wp-json\/wp\/v2\/media?parent=286"}],"curies":[{"name":"wp","href":"https:\/\/api.w.org\/{rel}","templated":true}]}}