{"id":350,"date":"2025-09-04T21:57:54","date_gmt":"2025-09-04T19:57:54","guid":{"rendered":"https:\/\/www.prix-lyceen-ses.fr\/?page_id=350"},"modified":"2025-09-04T22:12:28","modified_gmt":"2025-09-04T20:12:28","slug":"selection-2023-2024","status":"publish","type":"page","link":"https:\/\/www.prix-lyceen-ses.fr\/index.php\/selection-2023-2024\/","title":{"rendered":"S\u00e9lection 2022-2023"},"content":{"rendered":"\n<p>Charles St\u00e9panoff, <em>L&rsquo;animal et la mort. Chasses, modernit\u00e9 et crise du sauvage<\/em>, La D\u00e9couverte, 2021 <\/p>\n\n\n\n<p>Anne Muxel, <em>L\u2019Autre \u00e0 distance \u2013 Quand une pand\u00e9mie touche \u00e0 l\u2019intime<\/em>, Odile Jacob, 2021<\/p>\n\n\n\n<p>Clara Dealberto, Jules Grandin et Christophe Schuwey, <em>L\u2019Atlas Moli\u00e8re<\/em>, Les Ar\u00e8nes, 2022<\/p>\n\n\n\n<p>Thomas Renault, <em>Comprendre la bourse avec Captain Economics<\/em>, De Boeck, 2022<\/p>\n\n\n\n<p>Eric Monnet , <em>La banque providence<\/em>, Seuil, 2021<\/p>\n\n\n\n<p>Pierre Blavier , <em>Gilets jaunes, la r\u00e9volte des budgets contraints<\/em>, PUF, 2021<\/p>\n\n\n\n<p>Julien Fretel, Michel Offerl\u00e9, <em>Ecrire au pr\u00e9sident &#8211; Enqu\u00eate sur le guichet de l&rsquo;Elys\u00e9e<\/em>, La D\u00e9couverte, 2021<br><\/p>\n\n\n\n<p><br><\/p>\n","protected":false},"excerpt":{"rendered":"<p>Charles St\u00e9panoff, L&rsquo;animal et la mort. Chasses, modernit\u00e9 et crise du sauvage, La D\u00e9couverte, 2021 Anne Muxel, L\u2019Autre \u00e0 distance \u2013 Quand une pand\u00e9mie touche [&#8230;]<\/p>\n","protected":false},"author":1,"featured_media":0,"parent":0,"menu_order":0,"comment_status":"closed","ping_status":"closed","template":"","meta":{"footnotes":""},"class_list":["post-350","page","type-page","status-publish","hentry"],"_links":{"self":[{"href":"https:\/\/www.prix-lyceen-ses.fr\/index.php\/wp-json\/wp\/v2\/pages\/350","targetHints":{"allow":["GET"]}}],"collection":[{"href":"https:\/\/www.prix-lyceen-ses.fr\/index.php\/wp-json\/wp\/v2\/pages"}],"about":[{"href":"https:\/\/www.prix-lyceen-ses.fr\/index.php\/wp-json\/wp\/v2\/types\/page"}],"author":[{"embeddable":true,"href":"https:\/\/www.prix-lyceen-ses.fr\/index.php\/wp-json\/wp\/v2\/users\/1"}],"replies":[{"embeddable":true,"href":"https:\/\/www.prix-lyceen-ses.fr\/index.php\/wp-json\/wp\/v2\/comments?post=350"}],"version-history":[{"count":5,"href":"https:\/\/www.prix-lyceen-ses.fr\/index.php\/wp-json\/wp\/v2\/pages\/350\/revisions"}],"predecessor-version":[{"id":356,"href":"https:\/\/www.prix-lyceen-ses.fr\/index.php\/wp-json\/wp\/v2\/pages\/350\/revisions\/356"}],"wp:attachment":[{"href":"https:\/\/www.prix-lyceen-ses.fr\/index.php\/wp-json\/wp\/v2\/media?parent=350"}],"curies":[{"name":"wp","href":"https:\/\/api.w.org\/{rel}","templated":true}]}}