{"id":357,"date":"2025-09-04T22:28:08","date_gmt":"2025-09-04T20:28:08","guid":{"rendered":"https:\/\/www.prix-lyceen-ses.fr\/?page_id=357"},"modified":"2025-09-04T22:28:50","modified_gmt":"2025-09-04T20:28:50","slug":"2023-2024","status":"publish","type":"page","link":"https:\/\/www.prix-lyceen-ses.fr\/index.php\/2023-2024\/","title":{"rendered":"S\u00e9lection 2023-2024"},"content":{"rendered":"\n<p>Sicco Mansholt, <em>La lettre Mansholt 1972<\/em>, \u00e9ditions les petits matins, 2023<\/p>\n\n\n\n<p>Aur\u00e9lien Bigo, <em>Voitures. Fake or not ?<\/em>, Tana \u00e9dition, 2023<\/p>\n\n\n\n<p>Benjamin S\u00e8ze, <em>Quand bien manger devient un luxe<\/em>, Les Editions de l\u2019atelier. 2023<\/p>\n\n\n\n<p>Claire Alet, Benjamin Adam, <em>Capital et Id\u00e9ologie en bande dessin\u00e9e. D&rsquo;apr\u00e8s le livre de Thomas Piketty<\/em>, Seuil, 2022<\/p>\n\n\n\n<p>Thierry Rogel, <em>L&rsquo;\u00e9conomie et les sciences sociales selon Picsou, <\/em>L&rsquo;Etudiant, 2022<\/p>\n\n\n\n<p>C\u00e9dric Philibert,<em> Eoliennes , pourquoi tant de haine ?<\/em>, Les Petits matins, 2023<\/p>\n\n\n\n<p>nne-Laure Delatte, <em>L\u2019Etat droit dans le mur : Reb\u00e2tir l\u2019action publique<\/em>, Fayard \u00e9dition, 2023<\/p>\n\n\n\n<p>Audrey Boehly, <em>Derniers limites, apprendre \u00e0 vivre dans un monde fini<\/em>, Rue de l&rsquo;\u00e9chiquier, 2022<\/p>\n","protected":false},"excerpt":{"rendered":"<p>Sicco Mansholt, La lettre Mansholt 1972, \u00e9ditions les petits matins, 2023 Aur\u00e9lien Bigo, Voitures. Fake or not ?, Tana \u00e9dition, 2023 Benjamin S\u00e8ze, Quand bien [&#8230;]<\/p>\n","protected":false},"author":1,"featured_media":0,"parent":0,"menu_order":0,"comment_status":"closed","ping_status":"closed","template":"","meta":{"footnotes":""},"class_list":["post-357","page","type-page","status-publish","hentry"],"_links":{"self":[{"href":"https:\/\/www.prix-lyceen-ses.fr\/index.php\/wp-json\/wp\/v2\/pages\/357","targetHints":{"allow":["GET"]}}],"collection":[{"href":"https:\/\/www.prix-lyceen-ses.fr\/index.php\/wp-json\/wp\/v2\/pages"}],"about":[{"href":"https:\/\/www.prix-lyceen-ses.fr\/index.php\/wp-json\/wp\/v2\/types\/page"}],"author":[{"embeddable":true,"href":"https:\/\/www.prix-lyceen-ses.fr\/index.php\/wp-json\/wp\/v2\/users\/1"}],"replies":[{"embeddable":true,"href":"https:\/\/www.prix-lyceen-ses.fr\/index.php\/wp-json\/wp\/v2\/comments?post=357"}],"version-history":[{"count":2,"href":"https:\/\/www.prix-lyceen-ses.fr\/index.php\/wp-json\/wp\/v2\/pages\/357\/revisions"}],"predecessor-version":[{"id":360,"href":"https:\/\/www.prix-lyceen-ses.fr\/index.php\/wp-json\/wp\/v2\/pages\/357\/revisions\/360"}],"wp:attachment":[{"href":"https:\/\/www.prix-lyceen-ses.fr\/index.php\/wp-json\/wp\/v2\/media?parent=357"}],"curies":[{"name":"wp","href":"https:\/\/api.w.org\/{rel}","templated":true}]}}